{"id":1429,"date":"2021-12-30T10:18:16","date_gmt":"2021-12-30T09:18:16","guid":{"rendered":"https:\/\/lab.troubleshooter-media.com\/seibert\/?page_id=1429"},"modified":"2022-01-03T13:27:26","modified_gmt":"2022-01-03T12:27:26","slug":"ueber-uns","status":"publish","type":"page","link":"https:\/\/lab.troubleshooter-media.com\/seibert\/ueber-uns\/","title":{"rendered":"\u00dcber uns"},"content":{"rendered":"<p><div class=\"fusion-fullwidth fullwidth-box fusion-builder-row-1 fusion-flex-container nonhundred-percent-fullwidth non-hundred-percent-height-scrolling\" style=\"background-color: rgba(255,255,255,0);background-position: center center;background-repeat: no-repeat;border-width: 0px 0px 0px 0px;border-color:#e2e2e2;border-style:solid;\" ><div class=\"fusion-builder-row fusion-row fusion-flex-align-items-stretch\" style=\"max-width:calc( 1370px + 20px );margin-left: calc(-20px \/ 2 );margin-right: calc(-20px \/ 2 );\"><div class=\"fusion-layout-column fusion_builder_column fusion-builder-column-0 fusion_builder_column_1_1 1_1 fusion-flex-column\"><div class=\"fusion-column-wrapper fusion-flex-justify-content-flex-start fusion-content-layout-column\" style=\"background-position:left top;background-repeat:no-repeat;-webkit-background-size:cover;-moz-background-size:cover;-o-background-size:cover;background-size:cover;border-radius:8px 8px 8px 8px;background-color:#ffffff;border-radius:8px 8px 8px 8px;overflow:hidden;padding: 4vw 2vw 2.5vw 2vw;\"><div class=\"fusion-separator fusion-full-width-sep\" style=\"align-self: center;margin-left: auto;margin-right: auto;flex-grow:1;margin-top:15px;margin-bottom:15px;width:100%;\"><\/div><\/div><style type=\"text\/css\">.fusion-body .fusion-builder-column-0{width:100% !important;margin-top : 0px;margin-bottom : 0px;}.fusion-builder-column-0 > .fusion-column-wrapper {padding-top : 4vw !important;padding-right : 2vw !important;margin-right : 10px;padding-bottom : 2.5vw !important;padding-left : 2vw !important;margin-left : 10px;}@media only screen and (max-width:1265px) {.fusion-body .fusion-builder-column-0{width:25% !important;order : 0;}.fusion-builder-column-0 > .fusion-column-wrapper {margin-right : 10px;margin-left : 10px;}}@media only screen and (max-width:820px) {.fusion-body .fusion-builder-column-0{width:100% !important;order : 0;}.fusion-builder-column-0 > .fusion-column-wrapper {padding-top : 75px !important;margin-right : 10px;padding-bottom : 60px !important;margin-left : 10px;}}<\/style><\/div><div class=\"fusion-layout-column fusion_builder_column fusion-builder-column-1 fusion_builder_column_2_5 2_5 fusion-flex-column\"><div class=\"fusion-column-wrapper fusion-flex-justify-content-flex-start fusion-content-layout-column\" style=\"background-position:left top;background-repeat:no-repeat;-webkit-background-size:cover;-moz-background-size:cover;-o-background-size:cover;background-size:cover;padding: 0px 0px 0px 0px;\"><style type=\"text\/css\">@media only screen and (max-width:1265px) {.fusion-title.fusion-title-1{margin-top:10px!important; margin-right:0px!important;margin-bottom:15px!important;margin-left:0px!important;}}@media only screen and (max-width:820px) {.fusion-title.fusion-title-1{margin-top:10px!important; margin-right:0px!important;margin-bottom:10px!important; margin-left:0px!important;}}<\/style><div class=\"fusion-title title fusion-title-1 fusion-no-large-visibility fusion-sep-none fusion-title-text fusion-title-size-two\" style=\"font-size:32px;margin-top:10px;margin-right:0px;margin-bottom:15px;margin-left:0px;\"><h2 class=\"title-heading-left\" style=\"margin:0;font-size:1em;line-height:1.3em;\">Curabitur non nulla sit amet nisl tempus.<\/h2><\/div><style type=\"text\/css\">@media only screen and (max-width:1265px) {.fusion-title.fusion-title-2{margin-top:10px!important; margin-right:0px!important;margin-bottom:15px!important;margin-left:0px!important;}}@media only screen and (max-width:820px) {.fusion-title.fusion-title-2{margin-top:10px!important; margin-right:0px!important;margin-bottom:10px!important; margin-left:0px!important;}}<\/style><div class=\"fusion-title title fusion-title-2 fusion-no-small-visibility fusion-no-medium-visibility fusion-sep-none fusion-title-text fusion-title-size-two\" style=\"font-size:40px;margin-top:10px;margin-right:0px;margin-bottom:15px;margin-left:0px;\"><h2 class=\"title-heading-left\" style=\"margin:0;font-size:1em;line-height:1.3em;\">Kompetenter Partner im Maschinen- und Anlagenbau<\/h2><\/div><div class=\"fusion-text fusion-text-1\" style=\"font-size:19px;\"><p>Der Firma Seibert blickt auf eine lange Tradition zur\u00fcck. Im Jahre 1832 begann alles mit einer Schmiede und Wagnerei im rheinhessischen Monzernheim.<\/p>\n<p>Im Laufe der Jahre entwickelte sich die Firma \u00fcber den Rohrleitungsbau weiter zur mechanischen Werkst\u00e4tte, die sich als kompetenter Partner in allen Fragen des Maschinen- und Anlagenbaus versteht.<\/p>\n<\/div><\/div><style type=\"text\/css\">.fusion-body .fusion-builder-column-1{width:40% !important;margin-top : 0px;margin-bottom : 55px;}.fusion-builder-column-1 > .fusion-column-wrapper {padding-top : 0px !important;padding-right : 0px !important;margin-right : 80px;padding-bottom : 0px !important;padding-left : 0px !important;margin-left : 10px;}@media only screen and (max-width:1265px) {.fusion-body .fusion-builder-column-1{width:40% !important;order : 0;margin-bottom : 70px;}.fusion-builder-column-1 > .fusion-column-wrapper {padding-top : 0px !important;margin-right : 0px;margin-left : 10px;}}@media only screen and (max-width:820px) {.fusion-body .fusion-builder-column-1{width:100% !important;order : 0;}.fusion-builder-column-1 > .fusion-column-wrapper {margin-right : 10px;margin-left : 10px;}}<\/style><\/div><div class=\"fusion-layout-column fusion_builder_column fusion-builder-column-2 fusion_builder_column_3_5 3_5 fusion-flex-column\"><div class=\"fusion-column-wrapper fusion-flex-justify-content-flex-start fusion-content-layout-column\" style=\"background-position:left top;background-repeat:no-repeat;-webkit-background-size:cover;-moz-background-size:cover;-o-background-size:cover;background-size:cover;padding: 0px 0px 0px 0px;\"><div ><span class=\" fusion-imageframe imageframe-none imageframe-1 hover-type-none\" style=\"border-radius:8px;\"><img decoding=\"async\" width=\"1920\" height=\"1350\" title=\"servoventile-reparatur-schneidmaschine-wickelmaschine-blockbau-aggregatbau-seibert-worms\" src=\"https:\/\/lab.troubleshooter-media.com\/seibert\/wp-content\/uploads\/servoventile-reparatur-schneidmaschine-wickelmaschine-blockbau-aggregatbau-seibert-worms.jpg\" data-orig-src=\"https:\/\/lab.troubleshooter-media.com\/seibert\/wp-content\/uploads\/servoventile-reparatur-schneidmaschine-wickelmaschine-blockbau-aggregatbau-seibert-worms.jpg\" alt class=\"lazyload img-responsive wp-image-1550\" srcset=\"data:image\/svg+xml,%3Csvg%20xmlns%3D%27http%3A%2F%2Fwww.w3.org%2F2000%2Fsvg%27%20width%3D%271920%27%20height%3D%271350%27%20viewBox%3D%270%200%201920%201350%27%3E%3Crect%20width%3D%271920%27%20height%3D%271350%27%20fill-opacity%3D%220%22%2F%3E%3C%2Fsvg%3E\" data-srcset=\"https:\/\/lab.troubleshooter-media.com\/seibert\/wp-content\/uploads\/servoventile-reparatur-schneidmaschine-wickelmaschine-blockbau-aggregatbau-seibert-worms-200x141.jpg 200w, https:\/\/lab.troubleshooter-media.com\/seibert\/wp-content\/uploads\/servoventile-reparatur-schneidmaschine-wickelmaschine-blockbau-aggregatbau-seibert-worms-400x281.jpg 400w, https:\/\/lab.troubleshooter-media.com\/seibert\/wp-content\/uploads\/servoventile-reparatur-schneidmaschine-wickelmaschine-blockbau-aggregatbau-seibert-worms-600x422.jpg 600w, https:\/\/lab.troubleshooter-media.com\/seibert\/wp-content\/uploads\/servoventile-reparatur-schneidmaschine-wickelmaschine-blockbau-aggregatbau-seibert-worms-800x563.jpg 800w, https:\/\/lab.troubleshooter-media.com\/seibert\/wp-content\/uploads\/servoventile-reparatur-schneidmaschine-wickelmaschine-blockbau-aggregatbau-seibert-worms-1200x844.jpg 1200w, https:\/\/lab.troubleshooter-media.com\/seibert\/wp-content\/uploads\/servoventile-reparatur-schneidmaschine-wickelmaschine-blockbau-aggregatbau-seibert-worms.jpg 1920w\" data-sizes=\"auto\" data-orig-sizes=\"(max-width: 820px) 100vw, 800px\" \/><\/span><\/div><\/div><style type=\"text\/css\">.fusion-body .fusion-builder-column-2{width:60% !important;margin-top : 0px;margin-bottom : 55px;}.fusion-builder-column-2 > .fusion-column-wrapper {padding-top : 0px !important;padding-right : 0px !important;margin-right : 10px;padding-bottom : 0px !important;padding-left : 0px !important;margin-left : 80px;}@media only screen and (max-width:1265px) {.fusion-body .fusion-builder-column-2{width:60% !important;order : 0;margin-bottom : 70px;}.fusion-builder-column-2 > .fusion-column-wrapper {margin-right : 10px;margin-left : 80px;}}@media only screen and (max-width:820px) {.fusion-body .fusion-builder-column-2{width:100% !important;order : 0;}.fusion-builder-column-2 > .fusion-column-wrapper {margin-right : 10px;margin-left : 10px;}}<\/style><\/div><div class=\"fusion-layout-column fusion_builder_column fusion-builder-column-3 fusion_builder_column_1_1 1_1 fusion-flex-column\"><div class=\"fusion-column-wrapper fusion-flex-justify-content-flex-start fusion-content-layout-column\" style=\"background-position:left top;background-repeat:no-repeat;-webkit-background-size:cover;-moz-background-size:cover;-o-background-size:cover;background-size:cover;border-radius:8px 8px 8px 8px;border-radius:8px 8px 8px 8px;overflow:hidden;padding: 0px 0px 55px 0px;\"><div class=\"fusion-text fusion-text-2\" style=\"font-size:19px;\"><p>Profitieren Sie von unserer langj\u00e4hrigen Berufserfahrung, der Sorgfalt eines handwerklichen Traditionsbetriebes, der stets mit einem hohen Ma\u00df an Flexibilit\u00e4t und Qualit\u00e4tsanspruch an die Arbeit geht.<\/p>\n<\/div><\/div><style type=\"text\/css\">.fusion-body .fusion-builder-column-3{width:100% !important;margin-top : 0px;margin-bottom : 0px;}.fusion-builder-column-3 > .fusion-column-wrapper {padding-top : 0px !important;padding-right : 0px !important;margin-right : 10px;padding-bottom : 55px !important;padding-left : 0px !important;margin-left : 10px;}@media only screen and (max-width:1265px) {.fusion-body .fusion-builder-column-3{width:25% !important;order : 0;}.fusion-builder-column-3 > .fusion-column-wrapper {margin-right : 10px;margin-left : 10px;}}@media only screen and (max-width:820px) {.fusion-body .fusion-builder-column-3{width:100% !important;order : 0;margin-bottom : 40px;}.fusion-builder-column-3 > .fusion-column-wrapper {padding-top : 75px !important;margin-right : 10px;padding-bottom : 60px !important;margin-left : 10px;}}<\/style><\/div><div class=\"fusion-layout-column fusion_builder_column fusion-builder-column-4 fusion_builder_column_1_3 1_3 fusion-flex-column\"><div class=\"fusion-column-wrapper fusion-column-has-shadow fusion-flex-justify-content-flex-start fusion-content-layout-column\" style=\"background-position:left top;background-repeat:no-repeat;-webkit-background-size:cover;-moz-background-size:cover;-o-background-size:cover;background-size:cover;border-radius:8px 8px 8px 8px;background-color:#ffffff;border-radius:8px 8px 8px 8px;overflow:hidden;box-shadow:0px 4px 25px 0px rgba(0,0,0,0.07);;padding: 4vw 2vw 2.5vw 2vw;\"><style type=\"text\/css\">@media only screen and (max-width:1265px) {.fusion-title.fusion-title-3{margin-top:10px!important; margin-right:0px!important;margin-bottom:0px!important;margin-left:0px!important;}}@media only screen and (max-width:820px) {.fusion-title.fusion-title-3{margin-top:10px!important; margin-right:0px!important;margin-bottom:10px!important; margin-left:0px!important;}}<\/style><div class=\"fusion-title title fusion-title-3 fusion-no-medium-visibility fusion-sep-none fusion-title-center fusion-title-text fusion-title-size-three\" style=\"font-size:70px;margin-top:10px;margin-right:0px;margin-bottom:0px;margin-left:0px;\"><h3 class=\"title-heading-center\" style=\"font-family:&quot;Epilogue&quot;;font-weight:700;margin:0;font-size:1em;line-height:1;\">13<\/h3><\/div><style type=\"text\/css\">@media only screen and (max-width:1265px) {.fusion-title.fusion-title-4{margin-top:10px!important; margin-right:0px!important;margin-bottom:0px!important;margin-left:0px!important;}}@media only screen and (max-width:820px) {.fusion-title.fusion-title-4{margin-top:10px!important; margin-right:0px!important;margin-bottom:10px!important; margin-left:0px!important;}}<\/style><div class=\"fusion-title title fusion-title-4 fusion-no-small-visibility fusion-no-large-visibility fusion-sep-none fusion-title-center fusion-title-text fusion-title-size-three\" style=\"font-size:60px;margin-top:10px;margin-right:0px;margin-bottom:0px;margin-left:0px;\"><h3 class=\"title-heading-center\" style=\"font-family:&quot;Epilogue&quot;;font-weight:700;margin:0;font-size:1em;line-height:1;\">13<\/h3><\/div><div class=\"fusion-text fusion-text-3\" style=\"text-align:center;line-height:1.5em;color:#013cae;\"><p>Kompetente Mitarbeiter<\/p>\n<\/div><\/div><style type=\"text\/css\">.fusion-body .fusion-builder-column-4{width:33.3333333333% !important;margin-top : 0px;margin-bottom : 0px;}.fusion-builder-column-4 > .fusion-column-wrapper {padding-top : 4vw !important;padding-right : 2vw !important;margin-right : 10px;padding-bottom : 2.5vw !important;padding-left : 2vw !important;margin-left : 10px;}@media only screen and (max-width:1265px) {.fusion-body .fusion-builder-column-4{width:25% !important;order : 0;}.fusion-builder-column-4 > .fusion-column-wrapper {margin-right : 10px;margin-left : 10px;}}@media only screen and (max-width:820px) {.fusion-body .fusion-builder-column-4{width:100% !important;order : 0;margin-bottom : 40px;}.fusion-builder-column-4 > .fusion-column-wrapper {padding-top : 75px !important;margin-right : 10px;padding-bottom : 60px !important;margin-left : 10px;}}<\/style><\/div><div class=\"fusion-layout-column fusion_builder_column fusion-builder-column-5 fusion_builder_column_1_3 1_3 fusion-flex-column\"><div class=\"fusion-column-wrapper fusion-column-has-shadow fusion-flex-justify-content-flex-start fusion-content-layout-column\" style=\"background-position:left top;background-repeat:no-repeat;-webkit-background-size:cover;-moz-background-size:cover;-o-background-size:cover;background-size:cover;border-radius:8px 8px 8px 8px;background-color:#ffffff;border-radius:8px 8px 8px 8px;overflow:hidden;box-shadow:0px 4px 25px 0px rgba(0,0,0,0.07);;padding: 4vw 2vw 2.5vw 2vw;\"><style type=\"text\/css\">@media only screen and (max-width:1265px) {.fusion-title.fusion-title-5{margin-top:10px!important; margin-right:0px!important;margin-bottom:0px!important;margin-left:0px!important;}}@media only screen and (max-width:820px) {.fusion-title.fusion-title-5{margin-top:10px!important; margin-right:0px!important;margin-bottom:10px!important; margin-left:0px!important;}}<\/style><div class=\"fusion-title title fusion-title-5 fusion-no-medium-visibility fusion-sep-none fusion-title-center fusion-title-text fusion-title-size-three\" style=\"font-size:70px;margin-top:10px;margin-right:0px;margin-bottom:0px;margin-left:0px;\"><h3 class=\"title-heading-center\" style=\"font-family:&quot;Epilogue&quot;;font-weight:700;margin:0;font-size:1em;line-height:1;\">190<\/h3><\/div><style type=\"text\/css\">@media only screen and (max-width:1265px) {.fusion-title.fusion-title-6{margin-top:10px!important; margin-right:0px!important;margin-bottom:0px!important;margin-left:0px!important;}}@media only screen and (max-width:820px) {.fusion-title.fusion-title-6{margin-top:10px!important; margin-right:0px!important;margin-bottom:10px!important; margin-left:0px!important;}}<\/style><div class=\"fusion-title title fusion-title-6 fusion-no-small-visibility fusion-no-large-visibility fusion-sep-none fusion-title-center fusion-title-text fusion-title-size-three\" style=\"font-size:60px;margin-top:10px;margin-right:0px;margin-bottom:0px;margin-left:0px;\"><h3 class=\"title-heading-center\" style=\"font-family:&quot;Epilogue&quot;;font-weight:700;margin:0;font-size:1em;line-height:1;\">190<\/h3><\/div><div class=\"fusion-text fusion-text-4\" style=\"text-align:center;line-height:1.5em;color:#013cae;\"><p>Jahre seit 1832<\/p>\n<\/div><\/div><style type=\"text\/css\">.fusion-body .fusion-builder-column-5{width:33.3333333333% !important;margin-top : 0px;margin-bottom : 0px;}.fusion-builder-column-5 > .fusion-column-wrapper {padding-top : 4vw !important;padding-right : 2vw !important;margin-right : 10px;padding-bottom : 2.5vw !important;padding-left : 2vw !important;margin-left : 10px;}@media only screen and (max-width:1265px) {.fusion-body .fusion-builder-column-5{width:25% !important;order : 0;}.fusion-builder-column-5 > .fusion-column-wrapper {margin-right : 10px;margin-left : 10px;}}@media only screen and (max-width:820px) {.fusion-body .fusion-builder-column-5{width:100% !important;order : 0;margin-bottom : 40px;}.fusion-builder-column-5 > .fusion-column-wrapper {padding-top : 75px !important;margin-right : 10px;padding-bottom : 60px !important;margin-left : 10px;}}<\/style><\/div><div class=\"fusion-layout-column fusion_builder_column fusion-builder-column-6 fusion_builder_column_1_3 1_3 fusion-flex-column\"><div class=\"fusion-column-wrapper fusion-column-has-shadow fusion-flex-justify-content-flex-start fusion-content-layout-column\" style=\"background-position:left top;background-repeat:no-repeat;-webkit-background-size:cover;-moz-background-size:cover;-o-background-size:cover;background-size:cover;border-radius:8px 8px 8px 8px;background-color:#ffffff;border-radius:8px 8px 8px 8px;overflow:hidden;box-shadow:0px 4px 25px 0px rgba(0,0,0,0.07);;padding: 4vw 2vw 2.5vw 2vw;\"><style type=\"text\/css\">@media only screen and (max-width:1265px) {.fusion-title.fusion-title-7{margin-top:10px!important; margin-right:0px!important;margin-bottom:0px!important;margin-left:0px!important;}}@media only screen and (max-width:820px) {.fusion-title.fusion-title-7{margin-top:10px!important; margin-right:0px!important;margin-bottom:10px!important; margin-left:0px!important;}}<\/style><div class=\"fusion-title title fusion-title-7 fusion-no-medium-visibility fusion-sep-none fusion-title-center fusion-title-text fusion-title-size-three\" style=\"font-size:70px;margin-top:10px;margin-right:0px;margin-bottom:0px;margin-left:0px;\"><h3 class=\"title-heading-center\" style=\"font-family:&quot;Epilogue&quot;;font-weight:700;margin:0;font-size:1em;line-height:1;\">5.000+<\/h3><\/div><style type=\"text\/css\">@media only screen and (max-width:1265px) {.fusion-title.fusion-title-8{margin-top:10px!important; margin-right:0px!important;margin-bottom:0px!important;margin-left:0px!important;}}@media only screen and (max-width:820px) {.fusion-title.fusion-title-8{margin-top:10px!important; margin-right:0px!important;margin-bottom:10px!important; margin-left:0px!important;}}<\/style><div class=\"fusion-title title fusion-title-8 fusion-no-small-visibility fusion-no-large-visibility fusion-sep-none fusion-title-center fusion-title-text fusion-title-size-three\" style=\"font-size:60px;margin-top:10px;margin-right:0px;margin-bottom:0px;margin-left:0px;\"><h3 class=\"title-heading-center\" style=\"font-family:&quot;Epilogue&quot;;font-weight:700;margin:0;font-size:1em;line-height:1;\">5.000+<\/h3><\/div><div class=\"fusion-text fusion-text-5\" style=\"text-align:center;line-height:1.5em;color:#013cae;\"><p>Servicereparaturen<\/p>\n<\/div><\/div><style type=\"text\/css\">.fusion-body .fusion-builder-column-6{width:33.3333333333% !important;margin-top : 0px;margin-bottom : 0px;}.fusion-builder-column-6 > .fusion-column-wrapper {padding-top : 4vw !important;padding-right : 2vw !important;margin-right : 10px;padding-bottom : 2.5vw !important;padding-left : 2vw !important;margin-left : 10px;}@media only screen and (max-width:1265px) {.fusion-body .fusion-builder-column-6{width:25% !important;order : 0;}.fusion-builder-column-6 > .fusion-column-wrapper {margin-right : 10px;margin-left : 10px;}}@media only screen and (max-width:820px) {.fusion-body .fusion-builder-column-6{width:100% !important;order : 0;margin-bottom : 40px;}.fusion-builder-column-6 > .fusion-column-wrapper {padding-top : 75px !important;margin-right : 10px;padding-bottom : 60px !important;margin-left : 10px;}}<\/style><\/div><\/div><style type=\"text\/css\">.fusion-body .fusion-flex-container.fusion-builder-row-1{ padding-top : 0px;margin-top : 0px;padding-right : 0px;padding-bottom : 0px;margin-bottom : 0px;padding-left : 0px;}@media only screen and (max-width:1265px) {.fusion-body .fusion-flex-container.fusion-builder-row-1{ padding-bottom : 70px;}}<\/style><\/div><\/p>\n","protected":false},"excerpt":{"rendered":"","protected":false},"author":1,"featured_media":0,"parent":0,"menu_order":0,"comment_status":"closed","ping_status":"closed","template":"100-width.php","meta":{"footnotes":""},"class_list":["post-1429","page","type-page","status-publish","hentry"],"_links":{"self":[{"href":"https:\/\/lab.troubleshooter-media.com\/seibert\/wp-json\/wp\/v2\/pages\/1429","targetHints":{"allow":["GET"]}}],"collection":[{"href":"https:\/\/lab.troubleshooter-media.com\/seibert\/wp-json\/wp\/v2\/pages"}],"about":[{"href":"https:\/\/lab.troubleshooter-media.com\/seibert\/wp-json\/wp\/v2\/types\/page"}],"author":[{"embeddable":true,"href":"https:\/\/lab.troubleshooter-media.com\/seibert\/wp-json\/wp\/v2\/users\/1"}],"replies":[{"embeddable":true,"href":"https:\/\/lab.troubleshooter-media.com\/seibert\/wp-json\/wp\/v2\/comments?post=1429"}],"version-history":[{"count":38,"href":"https:\/\/lab.troubleshooter-media.com\/seibert\/wp-json\/wp\/v2\/pages\/1429\/revisions"}],"predecessor-version":[{"id":1584,"href":"https:\/\/lab.troubleshooter-media.com\/seibert\/wp-json\/wp\/v2\/pages\/1429\/revisions\/1584"}],"wp:attachment":[{"href":"https:\/\/lab.troubleshooter-media.com\/seibert\/wp-json\/wp\/v2\/media?parent=1429"}],"curies":[{"name":"wp","href":"https:\/\/api.w.org\/{rel}","templated":true}]}}