{"id":3,"date":"2021-10-13T21:02:20","date_gmt":"2021-10-13T19:02:20","guid":{"rendered":"https:\/\/lab.troubleshooter-media.com\/seibert\/?page_id=3"},"modified":"2021-12-30T09:08:10","modified_gmt":"2021-12-30T08:08:10","slug":"datenschutz-seibert-mechanische-werkstaetten-worms","status":"publish","type":"page","link":"https:\/\/lab.troubleshooter-media.com\/seibert\/datenschutz-seibert-mechanische-werkstaetten-worms\/","title":{"rendered":"Datenschutzerkl\u00e4rung"},"content":{"rendered":"\r\n<p>Vielen Dank f\u00fcr Ihr Interesse an unserem Onlineauftritt. Der Schutz Ihrer pers\u00f6nlichen Daten ist uns ein wichtiges Anliegen. An dieser Stelle m\u00f6chten wir Sie daher dar\u00fcber informieren, welche Daten bei Ihrem Besuch auf unserer Webseite zu welchem Zweck erhoben und verwendet werden. Es gelten die Regelungen EU-Datenschutzgrundverordnung (EU-DSGVO) sowie des Telemediengesetzes (TMG).\u00a0<\/p>\r\n<p><strong>Wer ist die verantwortliche Stelle?<\/strong><br \/>Die verantwortliche Stelle ist die Seibert GmbH mit dem Gesch\u00e4ftsf\u00fchrer Markus Rachor.<\/p>\r\n<p>Seibert GmbH<br \/>Mechanische Werkst\u00e4tten<br \/>Roxheimerstr.12<br \/>67547 Worms\/Rhein<br \/>Telefon: 06241 36777 oder 35663<br \/>Telefax: 06241 3172<br \/>E-Mail: info@seibertgmbh.com<br \/>www.seibertgmbh.com<\/p>\r\n<p><strong>Erhebung der personenbezogenen Daten<\/strong><strong><br \/>Zugriffsdaten\/Server-Logfiles<\/strong><br \/>Wir erheben und speichern automatisch in unseren Server Log Files Informationen, die Ihr Browser an uns \u00fcbermittelt. Dies sind:<\/p>\r\n<ul>\r\n<li>Browsertyp\/ -version<\/li>\r\n<li>verwendetes Betriebssystem<\/li>\r\n<li>Referrer URL (die zuvor besuchte Seite)<\/li>\r\n<li>Hostname des zugreifenden Rechners (IP Adresse)<\/li>\r\n<li>Uhrzeit der Serveranfrage<\/li>\r\n<\/ul>\r\n<p>Diese Daten sind f\u00fcr uns nicht bestimmten Personen zuordenbar. Eine Zusammenf\u00fchrung dieser Daten mit anderen Datenquellen wird nicht vorgenommen, die Daten werden zudem nach einer statistischen Auswertung zum Zwecke des Betriebes und der Sicherheit gel\u00f6scht.\u00a0<\/p>\r\n<p><strong>Kontaktformular<\/strong><br \/>Wir erfassen Ihre personenbezogenen Daten, wenn Sie uns diese von sich aus mitteilen. Die von Ihnen in unserem Kontaktformular eingegebenen Daten (Vorname, Nachname, E-Mail, Telefon) zur Bearbeitung Ihres Anliegens oder zur Gesch\u00e4ftsanbahnung werden solange gespeichert, wie es zur Bearbeitung notwendig ist. Anschlie\u00dfend werden die Daten gel\u00f6scht. Dar\u00fcber hinaus gibt es keine Speicherung oder Verarbeitung.\u00a0<\/p>\r\n<p>Soweit wir \u00fcber unser Kontaktformular Eingaben abfragen, die nicht f\u00fcr eine Kontaktaufnahme erforderlich sind, haben wir diese stets als optional gekennzeichnet. Diese Angaben dienen uns zur Konkretisierung Ihrer Anfrage und zur verbesserten Abwicklung Ihres Anliegens. Eine Mitteilung dieser Angaben erfolgt ausdr\u00fccklich auf freiwilliger Basis und mit Ihrer Einwilligung. Soweit es sich hierbei um Angaben zu Kommunikationskan\u00e4len (beispielsweise Telefonnummer) handelt, willigen Sie au\u00dferdem ein, dass wir Sie ggf. auch \u00fcber diesen Kommunikationskanal kontaktieren, um Ihr Anliegen zu beantworten. Ihre Einwilligungserkl\u00e4rungen k\u00f6nnen Sie selbstverst\u00e4ndlich jederzeit f\u00fcr die Zukunft widerrufen.\u00a0<\/p>\r\n<p><strong>Google-Analytics<\/strong><br \/>Diese Website benutzt Google Analytics, einen Webanalysedienst der Google Inc. (\u201eGoogle&#8220;). Google Analytics verwendet sog. \u201eCookies&#8220;, Textdateien, die auf Ihrem Computer gespeichert werden und die eine Analyse der Benutzung der Website durch Sie erm\u00f6glichen. Die durch den Cookie erzeugten Informationen \u00fcber Ihre Benutzung dieser Website werden in der Regel an einen Server von Google in den USA \u00fcbertragen und dort gespeichert. Im Falle der Aktivierung der IP-Anonymisierung auf dieser Webseite, wird Ihre IP-Adresse von Google jedoch innerhalb von Mitgliedstaaten der Europ\u00e4ischen Union oder in anderen Vertragsstaaten des Abkommens \u00fcber den Europ\u00e4ischen Wirtschaftsraum zuvor gek\u00fcrzt. Nur in Ausnahmef\u00e4llen wird die volle IP-Adresse an einen Server von Google in den USA \u00fcbertragen und dort gek\u00fcrzt. Im Auftrag des Betreibers dieser Website wird Google diese Informationen benutzen, um Ihre Nutzung der Website auszuwerten, um Reports \u00fcber die Websiteaktivit\u00e4ten zusammenzustellen und um weitere mit der Websitenutzung und der Internetnutzung verbundene Dienstleistungen gegen\u00fcber dem Websitebetreiber zu erbringen.<\/p>\r\n<p>Die im Rahmen von Google Analytics von Ihrem Browser \u00fcbermittelte IP-Adresse wird nicht mit anderen Daten von Google zusammengef\u00fchrt.\u00a0<br \/><br \/>Sie k\u00f6nnen die Speicherung der Cookies durch eine entsprechende Einstellung Ihrer Browser-Software verhindern; wir weisen Sie jedoch darauf hin, dass Sie in diesem Fall gegebenenfalls nicht s\u00e4mtliche Funktionen dieser Website voll umf\u00e4nglich werden nutzen k\u00f6nnen. Sie k\u00f6nnen dar\u00fcber hinaus die Erfassung der durch das Cookie erzeugten und auf Ihre Nutzung der Website bezogenen Daten (inkl. Ihrer IP-Adresse) an Google sowie die Verarbeitung dieser Daten durch Google verhindern, indem sie das unter dem folgenden Link verf\u00fcgbare Browser-Plug-In herunterladen und installieren:\u00a0<a href=\"https:\/\/tools.google.com\/dlpage\/gaoptout?hl=de\"><strong>https:\/\/tools.google.com\/dlpage\/gaoptout?hl=de<\/strong><\/a>\u00a0<\/p>\r\n<p>Weitergehende Informationen zu Nutzungsbedingungen und Datenschutz finden Sie unter:<br \/><a href=\"https:\/\/www.google.com\/analytics\/terms\/de.html\"><strong>https:\/\/www.google.com\/analytics\/terms\/de.html<\/strong><\/a>\u00a0bzw. unter:<br \/><a href=\"https:\/\/www.google.com\/intl\/de\/analytics\/privacyoverview.html\"><strong>https:\/\/www.google.com\/intl\/de\/analytics\/privacyoverview.html<\/strong><\/a><br \/><a href=\"https:\/\/www.google.com\/intl\/de\/policies\/privacy\"><strong>https:\/\/www.google.com\/intl\/de\/policies\/privacy<\/strong><\/a><br \/><a href=\"https:\/\/www.google.com\/policies\/\"><strong>https:\/\/www.google.com\/policies\/<\/strong><\/a><\/p>\r\n<p><br \/><strong>Verwendung von Social Plugins (Facebook, Xing, Youtube, Linkedin, Twitter)<\/strong><br \/>Diese Website benutzt Social Plugins (&#8222;Plugins&#8220;). Diese sind auf unserer Webseite als Link zu den Diensten eingebunden. Rufen Sie \u00fcber unseren Internetauftritt \u00fcber ein Plugin auf, wird eine direkte Verbindung mit den Servern von den Diensten aufgebaut. Durch die Nutzung der Plugins erh\u00e4lt der jeweilige Anbieter die Information, dass Sie die entsprechende Seite unseres Internetauftritts aufgerufen haben. Sind Sie zudem bei dem entsprechenden Dienst eingeloggt, kann dieser den Besuch gegebenenfalls Ihrem Dokument Benutzerkonto zuordnen. Falls Sie die Plugins nutzen, wird diese Information von Ihrem Browser an den Anbieter \u00fcbermittelt und dort gespeichert. Zweck und Umfang der Datenerhebung und die weitere Verarbeitung und Nutzung der Daten durch die Anbieter sowie Ihre diesbez\u00fcglichen Rechte und Einstellungsm\u00f6glichkeiten zum Schutz Ihrer Privatsph\u00e4re entnehmen Sie bitte den jeweiligen Datenschutzhinweisen.<\/p>\r\n<p><strong>Datenweitergabe an Dritte<\/strong><br \/>Im Hinblick auf die Datenweitergabe an Empf\u00e4nger au\u00dferhalb der Seibert GmbH\u00a0ist zu beachten, dass wir nur mit Auftragsverarbeitern zusammenarbeiten, die hinreichend Garantien daf\u00fcr bieten, dass geeignete technische und organisatorische Ma\u00dfnahmen eingesetzt werden, die im Einklang mit den gesetzlichen Anforderungen an den Datenschutz stehen und den Schutz der Rechte der betroffenen Personen gew\u00e4hrleisten<br \/>\u2003<br \/><strong>Datenweitergabe an Drittstaaten<\/strong><br \/>Eine Daten\u00fcbermittlung in Drittstaaten (Staaten au\u00dferhalb des Europ\u00e4ischen Wirtschaftsraums \u2013 EWR) findet nicht statt, sofern es zur Erf\u00fcllung des Vertragsverh\u00e4ltnisses nicht von N\u00f6ten ist.<\/p>\r\n<p><strong>Dauer der Datenspeicherung<\/strong><br \/>Wir verarbeiten und speichern Ihre personenbezogenen Daten grunds\u00e4tzlich f\u00fcr die Dauer unserer Gesch\u00e4ftsbeziehung, was beispielsweise auch die Anbahnung und die Abwicklung eines Vertrages umfasst. Des Weiteren unterliegen wir den gesetzlichen Aufbewahrungsfristen.<\/p>\r\n<p><strong>Widerspruchs- und Widerrufsrecht<\/strong><br \/>Sie haben gem\u00e4\u00df Art. 21 DSGVO das Recht, jederzeit gegen die Verarbeitung Ihrer personenbezogenen Daten, die aufgrund von Art. 6 Abs. 1 a DSGVO (Datenverarbeitung aufgrund Ihrer Einwilligung) und Art. 6 Abs. 1 b der DSGVO (Datenverarbeitung zur Erf\u00fcllung vertraglicher Pflichten) erfolgt, Widerspruch einzulegen. Den Widerspruch k\u00f6nnen Sie formfrei an\u00a0info@seibertgmbh.com senden.<\/p>\r\n<p><strong>Betroffenenrechte<\/strong><br \/>Sie haben das Recht auf Auskunft nach Art. 15 DSGVO, das Recht auf Berichtigung nach Art. 16 DS-GVO, das Recht auf L\u00f6schung nach Art. 17 DSGVO, das Recht auf Einschr\u00e4nkung der Verarbeitung nach Art. 18 DSGVO sowie das Recht auf Daten\u00fcbertragbarkeit aus Art. 20 DS-GVO. Beim Auskunftsrecht und beim L\u00f6schungsrecht gelten die Einschr\u00e4nkungen nach \u00a7\u00a7 34 und 35 BDSG-neu. Zudem besteht ein Beschwerderecht bei einer Datenschutzaufsichtsbeh\u00f6rde (Art. 77 DSGVO i.V.m. \u00a7 19 BDSG).<\/p>\r\n<p>Sollten Sie noch Fragen haben, k\u00f6nnen Sie sich gerne an uns wenden:<br \/><br \/>Seibert GmbH<br \/>Mechanische Werkst\u00e4tten<br \/>Roxheimerstr.12<br \/>67547 Worms\/Rhein<br \/>Telefon: 06241 36777 oder 35663<br \/>Telefax: 06241 3172<br \/>E-Mail: info@seibertgmbh.com<\/p>\r\n<p>&nbsp;<\/p>\r\n","protected":false},"excerpt":{"rendered":"<p>Vielen Dank f\u00fcr Ihr Interesse an unserem Onlineauftritt. Der Schutz [&hellip;]<\/p>\n","protected":false},"author":1,"featured_media":0,"parent":0,"menu_order":0,"comment_status":"closed","ping_status":"open","template":"","meta":{"footnotes":""},"class_list":["post-3","page","type-page","status-publish","hentry"],"_links":{"self":[{"href":"https:\/\/lab.troubleshooter-media.com\/seibert\/wp-json\/wp\/v2\/pages\/3","targetHints":{"allow":["GET"]}}],"collection":[{"href":"https:\/\/lab.troubleshooter-media.com\/seibert\/wp-json\/wp\/v2\/pages"}],"about":[{"href":"https:\/\/lab.troubleshooter-media.com\/seibert\/wp-json\/wp\/v2\/types\/page"}],"author":[{"embeddable":true,"href":"https:\/\/lab.troubleshooter-media.com\/seibert\/wp-json\/wp\/v2\/users\/1"}],"replies":[{"embeddable":true,"href":"https:\/\/lab.troubleshooter-media.com\/seibert\/wp-json\/wp\/v2\/comments?post=3"}],"version-history":[{"count":1,"href":"https:\/\/lab.troubleshooter-media.com\/seibert\/wp-json\/wp\/v2\/pages\/3\/revisions"}],"predecessor-version":[{"id":1390,"href":"https:\/\/lab.troubleshooter-media.com\/seibert\/wp-json\/wp\/v2\/pages\/3\/revisions\/1390"}],"wp:attachment":[{"href":"https:\/\/lab.troubleshooter-media.com\/seibert\/wp-json\/wp\/v2\/media?parent=3"}],"curies":[{"name":"wp","href":"https:\/\/api.w.org\/{rel}","templated":true}]}}